{"id":3503,"date":"2021-03-16T11:49:16","date_gmt":"2021-03-16T10:49:16","guid":{"rendered":"https:\/\/brittarex.de\/imprint\/"},"modified":"2021-03-16T11:49:16","modified_gmt":"2021-03-16T10:49:16","slug":"imprint","status":"publish","type":"page","link":"https:\/\/brittarex.de\/en\/imprint\/","title":{"rendered":"Imprint"},"content":{"rendered":"<div class=\"fusion-fullwidth fullwidth-box fusion-builder-row-1 nonhundred-percent-fullwidth non-hundred-percent-height-scrolling\" style=\"background-color: #ffffff;background-position: center center;background-repeat: no-repeat;padding-top:4%;padding-right:12%;padding-bottom:50px;padding-left:12%;margin-bottom: 0px;margin-top: 0px;border-width: 0px 0px 0px 0px;border-color:#eae9e9;border-style:solid;\" ><div class=\"fusion-builder-row fusion-row\"><div class=\"fusion-layout-column fusion_builder_column fusion-builder-column-0 fusion_builder_column_1_1 1_1 fusion-one-full fusion-column-first fusion-column-last fusion-column-inner-bg-wrapper fusion-animated\" style=\"margin-top:0%;margin-bottom:40px;\" data-animationType=\"fadeInLeft\" data-animationDuration=\"1.0\" data-animationOffset=\"top-into-view\"><div class=\"fusion-column-wrapper fusion-column-has-shadow fusion-flex-column-wrapper-legacy\" style=\"box-shadow:0px 10px 10px 5px rgba(0,0,0,0.5);;padding: 4% 8% 4% 8%;\"><div class=\"fusion-column-content-centered\"><div class=\"fusion-column-content\"><div class=\"fusion-text fusion-text-1\"><p>Angaben nach TDG \u00a76:<\/p>\n<p>Britta Rex<br \/>\nSch\u00f6ttlerstr. 14<br \/>\n38122 Braunschweig<br \/>\nTel. +49 531 84 58 14<br \/>\n<a href=\"mailto:info@brittarex.de\">info(a)brittarex.de<\/a><br \/>\nwww.brittarex.de<\/p>\n<p>Inhaltlich Verantwortlicher gem\u00e4\u00df \u00a7 10 Absatz 3 MDStV: Britta Rex (Anschrift wie oben)<\/p>\n<p>Copyright \u00a9 by Britta Rex<\/p>\n<p>Haftungshinweis:<\/p>\n<p>Ich \u00fcbernehme keinerlei Gew\u00e4hr f\u00fcr die Richtigkeit, Vollst\u00e4ndigkeit, Aktualit\u00e4t oder Qualit\u00e4t der auf dieser Internetseite zur Verf\u00fcgung gestellten Daten und Informationen. Ich schlie\u00dfe jegliche Haftung f\u00fcr jedwede Sch\u00e4den materieller oder immaterieller Art aus, die durch die Nutzung der zur Verf\u00fcgung gestellten Daten oder durch die Nutzung fehlerhafter und unvollst\u00e4ndiger Informationen verursacht wurde, sofern nicht meinerseits nachweislich ein vors\u00e4tzliches oder grob fahrl\u00e4ssiges Fehlverhalten vorliegt. Ich behalte mir ausdr\u00fccklich die jederzeitige \u00c4nderung der auf dieser Internetseite zur Verf\u00fcgung gestellten Daten oder unseres gesamten Angebots ohne gesonderte Ank\u00fcndigung vor. Ebenso bin ich berechtigt diese Internetseite jederzeit zu erg\u00e4nzen, zu l\u00f6schen oder deren Ver\u00f6ffentlichung zeitweise oder endg\u00fcltig einzustellen. Die im Rahmen dieser Homepage weiter verweisenden externen Links zu Angeboten Dritter f\u00fchren zu Inhalten der jeweiligen Anbieter und sind nicht die der Verantwortlichen dieser Homepage. Diese entsprechenden Verweise sind als solche aus dem Zusammenhang erkennbar oder gesondert gekennzeichnet. Ich habe keinerlei Einfluss auf die dort bereitgehaltenen Inhalte und mache mir diese durch die Verweise nicht zueigen. Insbesondere distanziere ich mich ausdr\u00fccklich von den dort abrufbaren \u00c4u\u00dferungen. Eine Verantwortlichkeit kann im \u00dcbrigen nur begr\u00fcndet werden, wenn ich Kenntnis von Rechtsverletzungen habe und es mir technisch m\u00f6glich und zumutbar ist, deren Nutzung zu verhindern (\u00a7 5 Abs. 2 TDG \/ MDStV). Ich habe die fremden Inhalte auf m\u00f6gliche Rechtsverletzungen in einem mir zumutbaren Umfang \u00fcberpr\u00fcft. Verletzungen von Urheber-, Marken- oder Pers\u00f6nlichkeitsrechten oder Verst\u00f6\u00dfe gegen das Wettbewerbsrecht auf den Webseiten der Drittanbieter waren nicht augenscheinlich und sind mir eben sowenig bekannt wie eine dortige Erf\u00fcllung von Straftatbest\u00e4nden.<\/p>\n<\/div><\/div><\/div><div class=\"fusion-clearfix\"><\/div><\/div><span class=\"fusion-column-inner-bg hover-type-none\"><a class=\"fusion-column-anchor\" href=\"https:\/\/brittarex.de\/2020\/10\/ich-bin-musikerin-und-liebe-die-stille\/\"><span class=\"fusion-column-inner-bg-image\" style=\"background-color:rgba(255,193,7,0.12);background-position:center center;background-blend-mode: hard-light;background-repeat:no-repeat;-webkit-background-size:cover;-moz-background-size:cover;-o-background-size:cover;background-size:cover;\"><\/span><\/a><\/span><\/div><\/div><\/div>\n","protected":false},"excerpt":{"rendered":"","protected":false},"author":1,"featured_media":0,"parent":0,"menu_order":2,"comment_status":"closed","ping_status":"closed","template":"100-width.php","meta":{"footnotes":""},"class_list":["post-3503","page","type-page","status-publish","hentry"],"_links":{"self":[{"href":"https:\/\/brittarex.de\/en\/wp-json\/wp\/v2\/pages\/3503","targetHints":{"allow":["GET"]}}],"collection":[{"href":"https:\/\/brittarex.de\/en\/wp-json\/wp\/v2\/pages"}],"about":[{"href":"https:\/\/brittarex.de\/en\/wp-json\/wp\/v2\/types\/page"}],"author":[{"embeddable":true,"href":"https:\/\/brittarex.de\/en\/wp-json\/wp\/v2\/users\/1"}],"replies":[{"embeddable":true,"href":"https:\/\/brittarex.de\/en\/wp-json\/wp\/v2\/comments?post=3503"}],"version-history":[{"count":0,"href":"https:\/\/brittarex.de\/en\/wp-json\/wp\/v2\/pages\/3503\/revisions"}],"wp:attachment":[{"href":"https:\/\/brittarex.de\/en\/wp-json\/wp\/v2\/media?parent=3503"}],"curies":[{"name":"wp","href":"https:\/\/api.w.org\/{rel}","templated":true}]}}