{"id":5394,"date":"2023-02-20T15:37:35","date_gmt":"2023-02-20T14:37:35","guid":{"rendered":"https:\/\/brittarex.de\/?page_id=5394"},"modified":"2023-02-20T15:49:24","modified_gmt":"2023-02-20T14:49:24","slug":"circle-singing-improvisation","status":"publish","type":"page","link":"https:\/\/brittarex.de\/de\/projekte\/circle-singing-improvisation\/","title":{"rendered":"Circle-Singing &#038; Improvisation"},"content":{"rendered":"<div class=\"fusion-fullwidth fullwidth-box fusion-builder-row-1 fusion-flex-container nonhundred-percent-fullwidth non-hundred-percent-height-scrolling\" style=\"background-color: #ffffff;background-position: center center;background-repeat: no-repeat;border-width: 0px 0px 0px 0px;border-color:#eae9e9;border-style:solid;\" ><div class=\"fusion-builder-row fusion-row fusion-flex-align-items-flex-start\" style=\"max-width:104%;margin-left: calc(-4% \/ 2 );margin-right: calc(-4% \/ 2 );\"><div class=\"fusion-layout-column fusion_builder_column fusion-builder-column-0 fusion_builder_column_1_3 1_3 fusion-flex-column\"><div class=\"fusion-column-wrapper fusion-flex-justify-content-flex-start fusion-content-layout-column\" style=\"background-position:left top;background-repeat:no-repeat;-webkit-background-size:cover;-moz-background-size:cover;-o-background-size:cover;background-size:cover;padding: 0px 0px 0px 0px;\"><div class=\"fusion-text fusion-text-1\"><p><strong>Neues Format: Circle-Singing in Braunschweig!<\/strong><\/p>\n<p>Jeweils am 2. Montag im Monat findet ein offenes Circle-Singing im Kulturpunkt West, Braunschweig statt. In Zusammenarbeit mit der &#8222;Singenden Landschaft&#8220;, Braunschweigische Landschaft bietet Britta diesen Kurs an. Infos unter &#8222;Termine&#8220;<\/p>\n<p>Britta unterrichtet und coacht seit vielen Jahren erfolgreich Einzelsch\u00fcler, Studierende, Ch\u00f6re und Ensembles in den Bereichen Stimmbildung, Rhythmus, Interpretationen, Improvisation, Circlesinging, Umgang mit Lampenfieber, Musiktheorie und Songwriting.<br \/>\nMit gro\u00dfem Herz und ansteckender Energie und Musikalit\u00e4t schafft sie eine kreative, konstruktive Arbeitsatmosph\u00e4re, in der sich die Teilnehmer*innen sicher und ermutigt f\u00fchlen.<br \/>\nDerzeit ist sie Lehrbeauftragte an der HMTMH, Hochschule f\u00fcr Musik, Theater und Medien in Hannover f\u00fcr Jazzgesang (seit 2002) und an der Musikhochschule L\u00fcbeck f\u00fcr Jazzgesang und Improvisation (2011-2020).<\/p>\n<p>Als freie Dozentin ist Britta t\u00e4tig f\u00fcr \u201eJazzseminare in Niedersachsen\u201c der Landesarbeitsgemeinschaft LAG Jazz, beim Jazz- und Rock-Workshop in Salzgitter, der Jazz-Rock-Blues-Werkstatt in Hildesheim, beim Vocal-Workshop in Nordenham. Sie coachte Solisten am Schauspielhaus Hannover f\u00fcr die \u201eDreigroschenoper\u201c und die S\u00e4ngerInnen des Landesjugendjazzorchesters Niedersachsen \u201eWind Machine\u201c.<br \/>\nH\u00e4ufig wird sie gebucht von Ch\u00f6ren aus den Genres Jazz, Pop und Gospel oder leitet Chor-Seminare f\u00fcr angehende Lehrer im Ausbildungsseminar Lehramt an der Universit\u00e4t Hildesheim.<br \/>\n2020 findet zum sechsten Mal die \u201eEntdeckungsreise Stimme\u201c statt, die Britta mit ihrer Kollegin Sandra Gantert in der Toskana organisiert.<\/p>\n<p>Als S\u00e4ngerin sowie als P\u00e4dagogin ist Britta vielseitig und neugierig.<\/p>\n<p>Sie in den letzten Jahren viel experimentiert, geforscht, entdeckt und eigene Ideen entwickelt. Die zahlreichen Fortbildungen, die sie besuchte, beleuchten das Thema Gesang und Pr\u00e4senz aus ganz verschiedenen Blickwinkeln.<\/p>\n<p>Besonders dem Thema \u201eVocal-Improvisation\u201c widmet sie sich in den letzten Jahren intensiv.<\/p>\n<p>Ihren Unterrichtsstil nachhaltig beeinflusst und ihre Inhalte gepr\u00e4gt haben Begegnungen mit Rhiannon, Bobby McFerrin, Roger Treece, Gabriele Hasler\u00a0u.a.<\/p>\n<\/div><\/div><style type=\"text\/css\">.fusion-body .fusion-builder-column-0{width:33.333333333333% !important;margin-top : 0px;margin-bottom : 20px;}.fusion-builder-column-0 > .fusion-column-wrapper {padding-top : 0px !important;padding-right : 0px !important;margin-right : 5.76%;padding-bottom : 0px !important;padding-left : 0px !important;margin-left : 5.76%;}@media only screen and (max-width:1024px) {.fusion-body .fusion-builder-column-0{width:100% !important;order : 0;}.fusion-builder-column-0 > .fusion-column-wrapper {margin-right : 1.92%;margin-left : 1.92%;}}@media only screen and (max-width:640px) {.fusion-body .fusion-builder-column-0{width:100% !important;order : 0;}.fusion-builder-column-0 > .fusion-column-wrapper {margin-right : 1.92%;margin-left : 1.92%;}}<\/style><\/div><div class=\"fusion-layout-column fusion_builder_column fusion-builder-column-1 fusion_builder_column_2_3 2_3 fusion-flex-column\"><div class=\"fusion-column-wrapper fusion-flex-justify-content-flex-start fusion-content-layout-column\" style=\"background-position:left top;background-repeat:no-repeat;-webkit-background-size:cover;-moz-background-size:cover;-o-background-size:cover;background-size:cover;padding: 0px 0px 0px 0px;\"><div class=\"fusion-text fusion-text-2\"><p>Dies sind einige inspirierende Aus- und Fortbildungen:<\/p>\n<\/div>\n<div class=\"table-1\">\n<table style=\"height: 386px;\" width=\"1141\">\n<tbody>\n<tr>\n<td align=\"left\" width=\"160\"><\/td>\n<td align=\"left\"><\/td>\n<\/tr>\n<tr>\n<td align=\"left\"><\/td>\n<td align=\"left\"><\/td>\n<\/tr>\n<tr>\n<td align=\"left\"><\/td>\n<td align=\"left\"><\/td>\n<\/tr>\n<tr>\n<td align=\"left\">Seit 2008<\/td>\n<td align=\"left\">Resonanzlehre bei Thomas Lange (<a href=\"http:\/\/www.resonanzlehre.de\">www.resonanzlehre.de<\/a>)<\/td>\n<\/tr>\n<tr>\n<td align=\"left\">2014<\/td>\n<td align=\"left\">Vocalimprovisation Kurs mit Bob Stoloff in K\u00f6ln<\/td>\n<\/tr>\n<tr>\n<td align=\"left\">2016<\/td>\n<td align=\"left\">\u201eSingen und Stille\u201c Kurs bei Markus Stockhausen in Hamburg<\/p>\n<p>&#8222;Voicings for Voices\u201c Kurs Arrangieren f\u00fcr Jazz- und Popchor bei Oliver Gies<\/td>\n<\/tr>\n<tr>\n<td align=\"left\">2018<\/td>\n<td align=\"left\">All the way in \u2013 Intensiv Kurs bei Rhiannon (Hawaii, Kalifornien, Kanada)<\/td>\n<\/tr>\n<tr>\n<td align=\"left\">2019<\/td>\n<td align=\"left\">Einf\u00fchrungskurs @ Lichtenberger Institut f\u00fcr angewandte Stimmphysiologie, Fischbachtal, Hessen<\/td>\n<\/tr>\n<tr>\n<td align=\"left\">2020<\/td>\n<td align=\"left\">\u201eFlow \u2013 the deep now\u201c bei Rabih Lahoud, Rollberghof, Hardegsen<\/td>\n<\/tr>\n<tr>\n<td align=\"left\">2019<\/td>\n<td align=\"left\">Course \u201eVocal Awareness &amp; Discovery\u201c with Peter Eldridge (New York Voices) in Perugia, Italien<\/td>\n<\/tr>\n<tr>\n<td align=\"left\">2020<\/td>\n<td align=\"left\">Circle-Singing, Kurs mit Roger Treece in Frankfurt<\/td>\n<\/tr>\n<\/tbody>\n<\/table>\n<\/div>\n<div ><span class=\" fusion-imageframe imageframe-dropshadow imageframe-1 hover-type-none\" style=\"-webkit-box-shadow: 3px 3px 7px rgba(0,0,0,0.3);box-shadow: 3px 3px 7px rgba(0,0,0,0.3);\"><img decoding=\"async\" width=\"1024\" height=\"682\" title=\"49106221_2096872077002968_1301371439965798400_o\" src=\"https:\/\/brittarex.de\/wp-content\/uploads\/2021\/12\/49106221_2096872077002968_1301371439965798400_o-1024x682.jpg\" class=\"img-responsive wp-image-4464\" srcset=\"https:\/\/brittarex.de\/wp-content\/uploads\/2021\/12\/49106221_2096872077002968_1301371439965798400_o-200x133.jpg 200w, https:\/\/brittarex.de\/wp-content\/uploads\/2021\/12\/49106221_2096872077002968_1301371439965798400_o-400x267.jpg 400w, https:\/\/brittarex.de\/wp-content\/uploads\/2021\/12\/49106221_2096872077002968_1301371439965798400_o-600x400.jpg 600w, https:\/\/brittarex.de\/wp-content\/uploads\/2021\/12\/49106221_2096872077002968_1301371439965798400_o-800x533.jpg 800w, https:\/\/brittarex.de\/wp-content\/uploads\/2021\/12\/49106221_2096872077002968_1301371439965798400_o-1200x800.jpg 1200w\" sizes=\"(max-width: 1024px) 100vw, (max-width: 640px) 100vw, 1024px\" \/><\/span><\/div><\/div><style type=\"text\/css\">.fusion-body .fusion-builder-column-1{width:66.666666666667% !important;margin-top : 0px;margin-bottom : 20px;}.fusion-builder-column-1 > .fusion-column-wrapper {padding-top : 0px !important;padding-right : 0px !important;margin-right : 2.88%;padding-bottom : 0px !important;padding-left : 0px !important;margin-left : 2.88%;}@media only screen and (max-width:1024px) {.fusion-body .fusion-builder-column-1{width:100% !important;order : 0;}.fusion-builder-column-1 > .fusion-column-wrapper {margin-right : 1.92%;margin-left : 1.92%;}}@media only screen and (max-width:640px) {.fusion-body .fusion-builder-column-1{width:100% !important;order : 0;}.fusion-builder-column-1 > .fusion-column-wrapper {margin-right : 1.92%;margin-left : 1.92%;}}<\/style><\/div><div class=\"fusion-layout-column fusion_builder_column fusion-builder-column-2 fusion_builder_column_1_3 1_3 fusion-flex-column\"><div class=\"fusion-column-wrapper fusion-flex-justify-content-flex-start fusion-content-layout-column\" style=\"background-position:left top;background-repeat:no-repeat;-webkit-background-size:cover;-moz-background-size:cover;-o-background-size:cover;background-size:cover;padding: 0px 0px 0px 0px;\"><\/div><style type=\"text\/css\">.fusion-body .fusion-builder-column-2{width:33.333333333333% !important;margin-top : 0px;margin-bottom : 20px;}.fusion-builder-column-2 > .fusion-column-wrapper {padding-top : 0px !important;padding-right : 0px !important;margin-right : 5.76%;padding-bottom : 0px !important;padding-left : 0px !important;margin-left : 5.76%;}@media only screen and (max-width:1024px) {.fusion-body .fusion-builder-column-2{width:100% !important;order : 0;}.fusion-builder-column-2 > .fusion-column-wrapper {margin-right : 1.92%;margin-left : 1.92%;}}@media only screen and (max-width:640px) {.fusion-body .fusion-builder-column-2{width:100% !important;order : 0;}.fusion-builder-column-2 > .fusion-column-wrapper {margin-right : 1.92%;margin-left : 1.92%;}}<\/style><\/div><\/div><style type=\"text\/css\">.fusion-body .fusion-flex-container.fusion-builder-row-1{ padding-top : 30px;margin-top : 0px;padding-right : 30px;padding-bottom : 0px;margin-bottom : 0px;padding-left : 30px;}<\/style><\/div>\n","protected":false},"excerpt":{"rendered":"","protected":false},"author":2,"featured_media":3740,"parent":2861,"menu_order":2,"comment_status":"closed","ping_status":"closed","template":"100-width.php","meta":{"footnotes":""},"class_list":["post-5394","page","type-page","status-publish","has-post-thumbnail","hentry"],"_links":{"self":[{"href":"https:\/\/brittarex.de\/de\/wp-json\/wp\/v2\/pages\/5394","targetHints":{"allow":["GET"]}}],"collection":[{"href":"https:\/\/brittarex.de\/de\/wp-json\/wp\/v2\/pages"}],"about":[{"href":"https:\/\/brittarex.de\/de\/wp-json\/wp\/v2\/types\/page"}],"author":[{"embeddable":true,"href":"https:\/\/brittarex.de\/de\/wp-json\/wp\/v2\/users\/2"}],"replies":[{"embeddable":true,"href":"https:\/\/brittarex.de\/de\/wp-json\/wp\/v2\/comments?post=5394"}],"version-history":[{"count":0,"href":"https:\/\/brittarex.de\/de\/wp-json\/wp\/v2\/pages\/5394\/revisions"}],"up":[{"embeddable":true,"href":"https:\/\/brittarex.de\/de\/wp-json\/wp\/v2\/pages\/2861"}],"wp:featuredmedia":[{"embeddable":true,"href":"https:\/\/brittarex.de\/de\/wp-json\/wp\/v2\/media\/3740"}],"wp:attachment":[{"href":"https:\/\/brittarex.de\/de\/wp-json\/wp\/v2\/media?parent=5394"}],"curies":[{"name":"wp","href":"https:\/\/api.w.org\/{rel}","templated":true}]}}