{"id":3539,"date":"2021-04-03T16:43:46","date_gmt":"2021-04-03T14:43:46","guid":{"rendered":"https:\/\/brittarex.de\/?page_id=3539"},"modified":"2021-04-06T19:37:35","modified_gmt":"2021-04-06T17:37:35","slug":"album-release-livestream","status":"publish","type":"page","link":"https:\/\/brittarex.de\/de\/projekte\/album-release-livestream\/","title":{"rendered":"Album Release Livestream"},"content":{"rendered":"<div class=\"fusion-fullwidth fullwidth-box fusion-builder-row-1 fusion-flex-container nonhundred-percent-fullwidth non-hundred-percent-height-scrolling\" style=\"background-color: #ffe5a5;background-position: center center;background-repeat: no-repeat;border-width: 0px 0px 0px 0px;border-color:#eae9e9;border-style:solid;\" ><div class=\"fusion-builder-row fusion-row fusion-flex-align-items-flex-start\" style=\"max-width:104%;margin-left: calc(-4% \/ 2 );margin-right: calc(-4% \/ 2 );\"><div class=\"fusion-layout-column fusion_builder_column fusion-builder-column-0 fusion_builder_column_1_3 1_3 fusion-flex-column\"><div class=\"fusion-column-wrapper fusion-flex-justify-content-flex-start fusion-content-layout-column\" style=\"background-position:left top;background-repeat:no-repeat;-webkit-background-size:cover;-moz-background-size:cover;-o-background-size:cover;background-size:cover;padding: 0px 0px 0px 0px;\"><div ><span class=\" fusion-imageframe imageframe-dropshadow imageframe-1 hover-type-none\" style=\"-webkit-box-shadow: 3px 3px 7px rgba(0,0,0,0.3);box-shadow: 3px 3px 7px rgba(0,0,0,0.3);margin-top:8%;margin-bottom:4%;\"><img decoding=\"async\" width=\"300\" height=\"169\" title=\"vlcsnap-2021-03-03-17h38m10s052\" src=\"https:\/\/brittarex.de\/wp-content\/uploads\/2021\/03\/vlcsnap-2021-03-03-17h38m10s052-300x169.png\" class=\"img-responsive wp-image-3362\" srcset=\"https:\/\/brittarex.de\/wp-content\/uploads\/2021\/03\/vlcsnap-2021-03-03-17h38m10s052-200x113.png 200w, https:\/\/brittarex.de\/wp-content\/uploads\/2021\/03\/vlcsnap-2021-03-03-17h38m10s052-400x225.png 400w, https:\/\/brittarex.de\/wp-content\/uploads\/2021\/03\/vlcsnap-2021-03-03-17h38m10s052-600x338.png 600w, https:\/\/brittarex.de\/wp-content\/uploads\/2021\/03\/vlcsnap-2021-03-03-17h38m10s052-800x450.png 800w, https:\/\/brittarex.de\/wp-content\/uploads\/2021\/03\/vlcsnap-2021-03-03-17h38m10s052-1200x675.png 1200w, https:\/\/brittarex.de\/wp-content\/uploads\/2021\/03\/vlcsnap-2021-03-03-17h38m10s052.png 1920w\" sizes=\"(max-width: 1024px) 100vw, (max-width: 640px) 100vw, 600px\" \/><\/span><\/div><div ><span class=\" fusion-imageframe imageframe-dropshadow imageframe-2 hover-type-none\" style=\"-webkit-box-shadow: 3px 3px 7px rgba(0,0,0,0.3);box-shadow: 3px 3px 7px rgba(0,0,0,0.3);margin-bottom:4%;\"><img decoding=\"async\" width=\"300\" height=\"300\" title=\"IMG_6934\" src=\"https:\/\/brittarex.de\/wp-content\/uploads\/2021\/02\/IMG_6934-300x300.jpg\" class=\"img-responsive wp-image-3066\" srcset=\"https:\/\/brittarex.de\/wp-content\/uploads\/2021\/02\/IMG_6934-200x200.jpg 200w, https:\/\/brittarex.de\/wp-content\/uploads\/2021\/02\/IMG_6934-400x400.jpg 400w, https:\/\/brittarex.de\/wp-content\/uploads\/2021\/02\/IMG_6934-600x600.jpg 600w, https:\/\/brittarex.de\/wp-content\/uploads\/2021\/02\/IMG_6934-800x800.jpg 800w, https:\/\/brittarex.de\/wp-content\/uploads\/2021\/02\/IMG_6934.jpg 1080w\" sizes=\"(max-width: 1024px) 100vw, (max-width: 640px) 100vw, 600px\" \/><\/span><\/div><div ><span class=\" fusion-imageframe imageframe-dropshadow imageframe-3 hover-type-none\" style=\"-webkit-box-shadow: 3px 3px 7px rgba(0,0,0,0.3);box-shadow: 3px 3px 7px rgba(0,0,0,0.3);margin-bottom:4%;\"><img decoding=\"async\" width=\"300\" height=\"200\" title=\"Andre2 neu sw\" src=\"https:\/\/brittarex.de\/wp-content\/uploads\/2021\/02\/Andre2-neu-sw-300x200.jpg\" class=\"img-responsive wp-image-3144\" srcset=\"https:\/\/brittarex.de\/wp-content\/uploads\/2021\/02\/Andre2-neu-sw-200x133.jpg 200w, https:\/\/brittarex.de\/wp-content\/uploads\/2021\/02\/Andre2-neu-sw-400x267.jpg 400w, https:\/\/brittarex.de\/wp-content\/uploads\/2021\/02\/Andre2-neu-sw-600x400.jpg 600w, https:\/\/brittarex.de\/wp-content\/uploads\/2021\/02\/Andre2-neu-sw-800x533.jpg 800w, https:\/\/brittarex.de\/wp-content\/uploads\/2021\/02\/Andre2-neu-sw-1200x800.jpg 1200w\" sizes=\"(max-width: 1024px) 100vw, (max-width: 640px) 100vw, 600px\" \/><\/span><\/div><div ><span class=\" fusion-imageframe imageframe-dropshadow imageframe-4 hover-type-none\" style=\"-webkit-box-shadow: 3px 3px 7px rgba(0,0,0,0.3);box-shadow: 3px 3px 7px rgba(0,0,0,0.3);margin-bottom:4%;\"><img decoding=\"async\" width=\"300\" height=\"169\" title=\"Eddie 2 neu\" src=\"https:\/\/brittarex.de\/wp-content\/uploads\/2021\/02\/Eddie-2-neu-300x169.jpg\" class=\"img-responsive wp-image-3146\" srcset=\"https:\/\/brittarex.de\/wp-content\/uploads\/2021\/02\/Eddie-2-neu-200x113.jpg 200w, https:\/\/brittarex.de\/wp-content\/uploads\/2021\/02\/Eddie-2-neu-400x225.jpg 400w, https:\/\/brittarex.de\/wp-content\/uploads\/2021\/02\/Eddie-2-neu-600x338.jpg 600w, https:\/\/brittarex.de\/wp-content\/uploads\/2021\/02\/Eddie-2-neu-800x450.jpg 800w, https:\/\/brittarex.de\/wp-content\/uploads\/2021\/02\/Eddie-2-neu-1200x675.jpg 1200w\" sizes=\"(max-width: 1024px) 100vw, (max-width: 640px) 100vw, 600px\" \/><\/span><\/div><div ><span class=\" fusion-imageframe imageframe-none imageframe-5 hover-type-none\"><img decoding=\"async\" width=\"300\" height=\"200\" title=\"Christoph Kopie SW\" src=\"https:\/\/brittarex.de\/wp-content\/uploads\/2021\/02\/Christoph-Kopie-SW-300x200.jpg\" class=\"img-responsive wp-image-3140\" srcset=\"https:\/\/brittarex.de\/wp-content\/uploads\/2021\/02\/Christoph-Kopie-SW-200x133.jpg 200w, https:\/\/brittarex.de\/wp-content\/uploads\/2021\/02\/Christoph-Kopie-SW-400x267.jpg 400w, https:\/\/brittarex.de\/wp-content\/uploads\/2021\/02\/Christoph-Kopie-SW-600x400.jpg 600w, https:\/\/brittarex.de\/wp-content\/uploads\/2021\/02\/Christoph-Kopie-SW-800x533.jpg 800w, https:\/\/brittarex.de\/wp-content\/uploads\/2021\/02\/Christoph-Kopie-SW-1200x800.jpg 1200w\" sizes=\"(max-width: 1024px) 100vw, (max-width: 640px) 100vw, 600px\" \/><\/span><\/div><\/div><style type=\"text\/css\">.fusion-body .fusion-builder-column-0{width:33.333333333333% !important;margin-top : 0px;margin-bottom : 20px;}.fusion-builder-column-0 > .fusion-column-wrapper {padding-top : 0px !important;padding-right : 0px !important;margin-right : 5.76%;padding-bottom : 0px !important;padding-left : 0px !important;margin-left : 5.76%;}@media only screen and (max-width:1024px) {.fusion-body .fusion-builder-column-0{width:100% !important;order : 0;}.fusion-builder-column-0 > .fusion-column-wrapper {margin-right : 1.92%;margin-left : 1.92%;}}@media only screen and (max-width:640px) {.fusion-body .fusion-builder-column-0{width:100% !important;order : 0;}.fusion-builder-column-0 > .fusion-column-wrapper {margin-right : 1.92%;margin-left : 1.92%;}}<\/style><\/div><div class=\"fusion-layout-column fusion_builder_column fusion-builder-column-1 fusion_builder_column_2_3 2_3 fusion-flex-column\"><div class=\"fusion-column-wrapper fusion-flex-justify-content-flex-start fusion-content-layout-column\" style=\"background-position:left top;background-repeat:no-repeat;-webkit-background-size:cover;-moz-background-size:cover;-o-background-size:cover;background-size:cover;padding: 0px 0px 0px 0px;\"><div class=\"fusion-text fusion-text-1\" style=\"color:#ff9800;\"><h5><strong>Album Release Livestream<\/strong><br \/>\n<strong>23rd April 2021<\/strong><br \/>\n<strong>20:00 Uhr (8pm CEST, Berlin)<\/strong><\/h5>\n<\/div><div class=\"fusion-video fusion-selfhosted-video\" style=\"margin-top:4%;margin-bottom:4%;max-width:100%;\"><div class=\"video-wrapper\"><video playsinline=\"true\" width=\"100%\" style=\"object-fit: cover;\" autoplay=\"true\" muted=\"true\" loop=\"true\" preload=\"auto\" controls=\"1\"><source src=\"https:\/\/brittarex.de\/wp-content\/uploads\/2021\/04\/Neues-Projekt.mp4\" type=\"video\/mp4\">Sorry, your browser doesn&#039;t support embedded videos.<\/video><\/div><\/div><div style=\"text-align:left;\"><span class=\" fusion-imageframe imageframe-dropshadow imageframe-6 hover-type-none\" style=\"-webkit-box-shadow: 3px 3px 7px rgba(0,0,0,0.3);box-shadow: 3px 3px 7px rgba(0,0,0,0.3);max-width:200px;margin-bottom:4%;\"><img decoding=\"async\" width=\"300\" height=\"300\" title=\"Packshot_BR_600px\" src=\"https:\/\/brittarex.de\/wp-content\/uploads\/2021\/01\/Packshot_BR_600px-300x300.jpg\" class=\"img-responsive wp-image-3031\" srcset=\"https:\/\/brittarex.de\/wp-content\/uploads\/2021\/01\/Packshot_BR_600px-200x200.jpg 200w, https:\/\/brittarex.de\/wp-content\/uploads\/2021\/01\/Packshot_BR_600px-400x400.jpg 400w, https:\/\/brittarex.de\/wp-content\/uploads\/2021\/01\/Packshot_BR_600px.jpg 600w\" sizes=\"(max-width: 1024px) 100vw, (max-width: 640px) 100vw, 300px\" \/><\/span><\/div><div class=\"fusion-text fusion-text-2\"><p>Es ist soweit! Das neue Album &#8222;On Air On Water&#8220; wird im April 2021 ver\u00f6ffentlicht. Wir spielen in der Original-CD-Besetzung ein Konzert live im Saal der Brunsviga in Braunschweig.<\/p>\n<h4>Vielen Dank an das Land Niedersachsen f\u00fcr die F\u00f6rderung dieses Konzertes in dem Programm &#8222;Niedersachsen dreht auf&#8220;.<br \/>\nDas Konzert ist deshalb f\u00fcr Euch kostenlos!!!<\/h4>\n<p>Und nur aufgrund der F\u00f6rderung ist es m\u00f6glich, in dieser gro\u00dfen Besetzung zu spielen:<\/p>\n<h6>Andr\u00e9 Neygenfind &#8211; Bass<br \/>\nBritta Rex &#8211; Vocals, Composition, Arrangement<br \/>\nChristoph M\u00fcnch &#8211; Piano<br \/>\nEddie Filipp &#8211; Drums<br \/>\nKatharina Pf\u00e4nder &#8211; Violin<br \/>\nRebecca Czech &#8211; Violin<br \/>\nMaria Pache &#8211; Viola<br \/>\nNora Matthies &#8211; Cello<\/h6>\n<p>Wegen der geltenden Coronabestimmungen darf leider keine Live-Publikum anwesend sein.<\/p>\n<p>Bitte schaltet ein, chattet mit uns, abonniert oder liked und macht Euch bemerkbar, was das Zeug h\u00e4lt, damit wir uns nicht so einsam auf der B\u00fchne f\u00fchlen.<\/p>\n<\/div><div style=\"text-align:center;\"><a class=\"fusion-button button-flat button-xlarge button-orange button-1 fusion-button-default-span fusion-button-default-type\" target=\"_self\" href=\"https:\/\/youtu.be\/3LMuj4wDvmQ\"><span class=\"fusion-button-text\">YouTube Link Livestream<\/span><\/a><\/div><\/div><style type=\"text\/css\">.fusion-body .fusion-builder-column-1{width:66.666666666667% !important;margin-top : 0px;margin-bottom : 20px;}.fusion-builder-column-1 > .fusion-column-wrapper {padding-top : 0px !important;padding-right : 0px !important;margin-right : 2.88%;padding-bottom : 0px !important;padding-left : 0px !important;margin-left : 2.88%;}@media only screen and (max-width:1024px) {.fusion-body .fusion-builder-column-1{width:100% !important;order : 0;}.fusion-builder-column-1 > .fusion-column-wrapper {margin-right : 1.92%;margin-left : 1.92%;}}@media only screen and (max-width:640px) {.fusion-body .fusion-builder-column-1{width:100% !important;order : 0;}.fusion-builder-column-1 > .fusion-column-wrapper {margin-right : 1.92%;margin-left : 1.92%;}}<\/style><\/div><\/div><style type=\"text\/css\">.fusion-body .fusion-flex-container.fusion-builder-row-1{ padding-top : 0px;margin-top : 0px;padding-right : 30px;padding-bottom : 0px;margin-bottom : 0px;padding-left : 30px;}<\/style><\/div>\n","protected":false},"excerpt":{"rendered":"","protected":false},"author":2,"featured_media":0,"parent":2861,"menu_order":0,"comment_status":"closed","ping_status":"closed","template":"100-width.php","meta":{"footnotes":""},"class_list":["post-3539","page","type-page","status-publish","hentry"],"_links":{"self":[{"href":"https:\/\/brittarex.de\/de\/wp-json\/wp\/v2\/pages\/3539","targetHints":{"allow":["GET"]}}],"collection":[{"href":"https:\/\/brittarex.de\/de\/wp-json\/wp\/v2\/pages"}],"about":[{"href":"https:\/\/brittarex.de\/de\/wp-json\/wp\/v2\/types\/page"}],"author":[{"embeddable":true,"href":"https:\/\/brittarex.de\/de\/wp-json\/wp\/v2\/users\/2"}],"replies":[{"embeddable":true,"href":"https:\/\/brittarex.de\/de\/wp-json\/wp\/v2\/comments?post=3539"}],"version-history":[{"count":0,"href":"https:\/\/brittarex.de\/de\/wp-json\/wp\/v2\/pages\/3539\/revisions"}],"up":[{"embeddable":true,"href":"https:\/\/brittarex.de\/de\/wp-json\/wp\/v2\/pages\/2861"}],"wp:attachment":[{"href":"https:\/\/brittarex.de\/de\/wp-json\/wp\/v2\/media?parent=3539"}],"curies":[{"name":"wp","href":"https:\/\/api.w.org\/{rel}","templated":true}]}}